{"id":321,"date":"2024-04-05T21:30:47","date_gmt":"2024-04-05T19:30:47","guid":{"rendered":"http:\/\/192.168.5.211\/?page_id=321"},"modified":"2025-09-11T17:52:28","modified_gmt":"2025-09-11T21:52:28","slug":"breve-historia-o-resena-sobre-la-creacion-y-evolucion-de-la-entidad","status":"publish","type":"page","link":"https:\/\/emagua.gob.bo\/?page_id=321","title":{"rendered":"Rese\u00f1a Hist\u00f3rica"},"content":{"rendered":"\n<p><\/p>\n\n\n\n<p class=\"has-medium-font-size\">La Entidad Ejecutora de Medio Ambiente y Agua (EMAGUA) es una instituci\u00f3n p\u00fablica boliviana creada con el prop\u00f3sito de gestionar y ejecutar proyectos de inversi\u00f3n en el sector de agua potable, saneamiento b\u00e1sico y medio ambiente. Su origen se remonta a la necesidad de fortalecer las capacidades del Estado Plurinacional de Bolivia para garantizar el acceso equitativo a servicios b\u00e1sicos esenciales, en l\u00ednea con los principios del \u00abVivir Bien\u00bb.<\/p>\n\n\n\n<p class=\"has-medium-font-size\">Desde su fundaci\u00f3n, EMAGUA ha desempe\u00f1ado un papel clave en la implementaci\u00f3n de pol\u00edticas p\u00fablicas orientadas a mejorar la calidad de vida de las comunidades m\u00e1s vulnerables. A trav\u00e9s de la ejecuci\u00f3n de proyectos de infraestructura h\u00eddrica y ambiental, ha contribuido significativamente al desarrollo sostenible del pa\u00eds.<\/p>\n\n\n\n<p class=\"has-medium-font-size\">En sus primeros a\u00f1os, EMAGUA se enfoc\u00f3 en proyectos de agua potable y saneamiento en \u00e1reas rurales y periurbanas, priorizando regiones con altos \u00edndices de pobreza. Con el tiempo, ampli\u00f3 su alcance para incluir iniciativas relacionadas con la gesti\u00f3n integral de recursos h\u00eddricos, la protecci\u00f3n ambiental y la mitigaci\u00f3n de los efectos del cambio clim\u00e1tico.<\/p>\n\n\n\n<p class=\"has-medium-font-size\">En la actualidad, EMAGUA sigue siendo un actor fundamental en la transformaci\u00f3n del sector h\u00eddrico y ambiental, aline\u00e1ndose con las metas del Bicentenario. <\/p>\n\n\n\n<figure class=\"wp-block-gallery has-nested-images columns-default is-cropped wp-block-gallery-1 is-layout-flex wp-block-gallery-is-layout-flex\">\n<figure class=\"wp-block-image size-large\"><img loading=\"lazy\" decoding=\"async\" width=\"1024\" height=\"682\" data-id=\"17434\" src=\"http:\/\/192.168.5.211\/wp-content\/uploads\/2025\/09\/WhatsApp-Image-2025-09-10-at-14.53.10-1-1024x682.jpeg\" alt=\"\" class=\"wp-image-17434\" srcset=\"https:\/\/emagua.gob.bo\/wp-content\/uploads\/2025\/09\/WhatsApp-Image-2025-09-10-at-14.53.10-1-1024x682.jpeg 1024w, https:\/\/emagua.gob.bo\/wp-content\/uploads\/2025\/09\/WhatsApp-Image-2025-09-10-at-14.53.10-1-300x200.jpeg 300w, https:\/\/emagua.gob.bo\/wp-content\/uploads\/2025\/09\/WhatsApp-Image-2025-09-10-at-14.53.10-1-768x512.jpeg 768w, https:\/\/emagua.gob.bo\/wp-content\/uploads\/2025\/09\/WhatsApp-Image-2025-09-10-at-14.53.10-1-1536x1023.jpeg 1536w, https:\/\/emagua.gob.bo\/wp-content\/uploads\/2025\/09\/WhatsApp-Image-2025-09-10-at-14.53.10-1.jpeg 1600w\" sizes=\"auto, (max-width: 1024px) 100vw, 1024px\" \/><\/figure>\n<\/figure>\n\n\n\n<p><\/p>\n","protected":false},"excerpt":{"rendered":"<p>La Entidad Ejecutora de Medio Ambiente y Agua (EMAGUA) es una instituci\u00f3n p\u00fablica boliviana creada con el prop\u00f3sito de gestionar y ejecutar proyectos de inversi\u00f3n en el sector de agua potable, saneamiento b\u00e1sico y medio ambiente. Su origen se remonta a la necesidad de fortalecer las capacidades del Estado Plurinacional de Bolivia para garantizar el [&hellip;]<\/p>\n","protected":false},"author":16,"featured_media":16967,"parent":0,"menu_order":0,"comment_status":"closed","ping_status":"closed","template":"","meta":{"_acf_changed":false,"footnotes":""},"class_list":["post-321","page","type-page","status-publish","has-post-thumbnail","hentry"],"acf":[],"_links":{"self":[{"href":"https:\/\/emagua.gob.bo\/index.php?rest_route=\/wp\/v2\/pages\/321","targetHints":{"allow":["GET"]}}],"collection":[{"href":"https:\/\/emagua.gob.bo\/index.php?rest_route=\/wp\/v2\/pages"}],"about":[{"href":"https:\/\/emagua.gob.bo\/index.php?rest_route=\/wp\/v2\/types\/page"}],"author":[{"embeddable":true,"href":"https:\/\/emagua.gob.bo\/index.php?rest_route=\/wp\/v2\/users\/16"}],"replies":[{"embeddable":true,"href":"https:\/\/emagua.gob.bo\/index.php?rest_route=%2Fwp%2Fv2%2Fcomments&post=321"}],"version-history":[{"count":20,"href":"https:\/\/emagua.gob.bo\/index.php?rest_route=\/wp\/v2\/pages\/321\/revisions"}],"predecessor-version":[{"id":17437,"href":"https:\/\/emagua.gob.bo\/index.php?rest_route=\/wp\/v2\/pages\/321\/revisions\/17437"}],"wp:featuredmedia":[{"embeddable":true,"href":"https:\/\/emagua.gob.bo\/index.php?rest_route=\/wp\/v2\/media\/16967"}],"wp:attachment":[{"href":"https:\/\/emagua.gob.bo\/index.php?rest_route=%2Fwp%2Fv2%2Fmedia&parent=321"}],"curies":[{"name":"wp","href":"https:\/\/api.w.org\/{rel}","templated":true}]}}